{"id":374,"date":"2025-01-02T15:00:42","date_gmt":"2025-01-02T14:00:42","guid":{"rendered":"https:\/\/com-azur.fr\/?page_id=374"},"modified":"2025-01-02T15:02:15","modified_gmt":"2025-01-02T14:02:15","slug":"creation-de-contenu-engagez-et-fidelisez-votre-audience","status":"publish","type":"page","link":"https:\/\/com-azur.fr\/?page_id=374","title":{"rendered":"Cr\u00e9ation de Contenu \u2013 Engagez et Fid\u00e9lisez votre Audience"},"content":{"rendered":"\n<div class=\"wp-block-cover\" style=\"min-height:390px;aspect-ratio:unset;\"><span aria-hidden=\"true\" class=\"wp-block-cover__background has-background-dim\"><\/span><img loading=\"lazy\" decoding=\"async\" width=\"1024\" height=\"1024\" class=\"wp-block-cover__image-background wp-image-288\" alt=\"S\" src=\"http:\/\/com-azur.fr\/wp-content\/uploads\/2024\/03\/10-1-1024x1024.png\" data-object-fit=\"cover\" srcset=\"https:\/\/com-azur.fr\/wp-content\/uploads\/2024\/03\/10-1-1024x1024.png 1024w, https:\/\/com-azur.fr\/wp-content\/uploads\/2024\/03\/10-1-300x300.png 300w, https:\/\/com-azur.fr\/wp-content\/uploads\/2024\/03\/10-1-150x150.png 150w, https:\/\/com-azur.fr\/wp-content\/uploads\/2024\/03\/10-1-768x768.png 768w, https:\/\/com-azur.fr\/wp-content\/uploads\/2024\/03\/10-1.png 1080w\" sizes=\"auto, (max-width: 1024px) 100vw, 1024px\" \/><div class=\"wp-block-cover__inner-container is-layout-flow wp-block-cover-is-layout-flow\">\n<p class=\"has-text-align-center has-large-font-size\"><\/p>\n<\/div><\/div>\n\n\n\n<p>Chez <strong>com&rsquo;Azur<\/strong>, nous cr\u00e9ons des contenus captivants qui stimulent l\u2019interaction et renforcent votre pr\u00e9sence en ligne. En tant que sp\u00e9cialistes de la <strong>cr\u00e9ation de contenu pour les r\u00e9seaux sociaux<\/strong> dans le Var, nous \u00e9laborons des publications qui refl\u00e8tent votre identit\u00e9 tout en r\u00e9pondant aux attentes de votre audience.<\/p>\n\n\n\n<p>Nos services de cr\u00e9ation de contenu incluent :<\/p>\n\n\n\n<ul class=\"wp-block-list\">\n<li><strong>R\u00e9daction de posts engageants<\/strong> : Des textes cr\u00e9atifs et impactants qui suscitent l\u2019int\u00e9r\u00eat et favorisent les \u00e9changes.<\/li>\n\n\n\n<li><strong>Visuels et graphiques<\/strong> : Des images et infographies adapt\u00e9es \u00e0 chaque plateforme pour maximiser la visibilit\u00e9 de vos messages.<\/li>\n\n\n\n<li><strong>Vid\u00e9os courtes et reels<\/strong> : Des formats dynamiques qui captent rapidement l\u2019attention et boostent l\u2019engagement.<\/li>\n\n\n\n<li><strong>Stories interactives<\/strong> : Cr\u00e9ez une proximit\u00e9 avec votre communaut\u00e9 gr\u00e2ce \u00e0 des contenus \u00e9ph\u00e9m\u00e8res et engageants.<\/li>\n\n\n\n<li><strong>Calendrier \u00e9ditorial personnalis\u00e9<\/strong> : Une planification strat\u00e9gique de vos publications pour une communication fluide et efficace.<\/li>\n<\/ul>\n\n\n\n<p>Avec <strong>com&rsquo;Azur<\/strong>, chaque contenu est pens\u00e9 pour refl\u00e9ter vos valeurs et atteindre vos objectifs marketing, transformant vos r\u00e9seaux sociaux en v\u00e9ritables leviers de croissance.<\/p>\n\n\n\n<div class=\"wp-block-buttons is-content-justification-center is-layout-flex wp-container-core-buttons-is-layout-a89b3969 wp-block-buttons-is-layout-flex\">\n<div class=\"wp-block-button\"><a class=\"wp-block-button__link wp-element-button\" href=\"https:\/\/com-azur.fr\/?page_id=40\">Contactez Nous<\/a><\/div>\n<\/div>\n\n\n\n<p><\/p>\n","protected":false},"excerpt":{"rendered":"<p>Chez com&rsquo;Azur, nous cr\u00e9ons des contenus captivants qui stimulent l\u2019interaction et renforcent votre pr\u00e9sence en ligne. En tant que sp\u00e9cialistes de la cr\u00e9ation de contenu pour les r\u00e9seaux sociaux dans le Var, nous \u00e9laborons des publications qui refl\u00e8tent votre identit\u00e9 tout en r\u00e9pondant aux attentes de votre audience. Nos services de cr\u00e9ation de contenu incluent &hellip; <\/p>\n<p class=\"link-more\"><a href=\"https:\/\/com-azur.fr\/?page_id=374\" class=\"more-link\">Lire la suite de<span class=\"screen-reader-text\">\u00ab\u00a0Cr\u00e9ation de Contenu \u2013 Engagez et Fid\u00e9lisez votre Audience\u00a0\u00bb<\/span><\/a><\/p>\n","protected":false},"author":1,"featured_media":0,"parent":0,"menu_order":0,"comment_status":"closed","ping_status":"closed","template":"","meta":{"footnotes":""},"class_list":["post-374","page","type-page","status-publish","hentry"],"yoast_head":"<!-- This site is optimized with the Yoast SEO plugin v24.0 - https:\/\/yoast.com\/wordpress\/plugins\/seo\/ -->\n<title>Cr\u00e9ation de Contenu \u2013 Engagez et Fid\u00e9lisez votre Audience - COM&#039;AZUR<\/title>\n<meta name=\"robots\" content=\"index, follow, max-snippet:-1, max-image-preview:large, max-video-preview:-1\" \/>\n<link rel=\"canonical\" href=\"https:\/\/com-azur.fr\/?page_id=374\" \/>\n<meta property=\"og:locale\" content=\"fr_FR\" \/>\n<meta property=\"og:type\" content=\"article\" \/>\n<meta property=\"og:title\" content=\"Cr\u00e9ation de Contenu \u2013 Engagez et Fid\u00e9lisez votre Audience - COM&#039;AZUR\" \/>\n<meta property=\"og:description\" content=\"Chez com&rsquo;Azur, nous cr\u00e9ons des contenus captivants qui stimulent l\u2019interaction et renforcent votre pr\u00e9sence en ligne. En tant que sp\u00e9cialistes de la cr\u00e9ation de contenu pour les r\u00e9seaux sociaux dans le Var, nous \u00e9laborons des publications qui refl\u00e8tent votre identit\u00e9 tout en r\u00e9pondant aux attentes de votre audience. Nos services de cr\u00e9ation de contenu incluent &hellip; Lire la suite de\u00ab\u00a0Cr\u00e9ation de Contenu \u2013 Engagez et Fid\u00e9lisez votre Audience\u00a0\u00bb\" \/>\n<meta property=\"og:url\" content=\"https:\/\/com-azur.fr\/?page_id=374\" \/>\n<meta property=\"og:site_name\" content=\"COM&#039;AZUR\" \/>\n<meta property=\"article:modified_time\" content=\"2025-01-02T14:02:15+00:00\" \/>\n<meta property=\"og:image\" content=\"https:\/\/com-azur.fr\/wp-content\/uploads\/2024\/03\/10-1.png\" \/>\n\t<meta property=\"og:image:width\" content=\"1080\" \/>\n\t<meta property=\"og:image:height\" content=\"1080\" \/>\n\t<meta property=\"og:image:type\" content=\"image\/png\" \/>\n<meta name=\"twitter:card\" content=\"summary_large_image\" \/>\n<meta name=\"twitter:label1\" content=\"Dur\u00e9e de lecture estim\u00e9e\" \/>\n\t<meta name=\"twitter:data1\" content=\"2 minutes\" \/>\n<script type=\"application\/ld+json\" class=\"yoast-schema-graph\">{\"@context\":\"https:\/\/schema.org\",\"@graph\":[{\"@type\":\"WebPage\",\"@id\":\"https:\/\/com-azur.fr\/?page_id=374\",\"url\":\"https:\/\/com-azur.fr\/?page_id=374\",\"name\":\"Cr\u00e9ation de Contenu \u2013 Engagez et Fid\u00e9lisez votre Audience - COM&#039;AZUR\",\"isPartOf\":{\"@id\":\"https:\/\/com-azur.fr\/#website\"},\"primaryImageOfPage\":{\"@id\":\"https:\/\/com-azur.fr\/?page_id=374#primaryimage\"},\"image\":{\"@id\":\"https:\/\/com-azur.fr\/?page_id=374#primaryimage\"},\"thumbnailUrl\":\"http:\/\/com-azur.fr\/wp-content\/uploads\/2024\/03\/10-1-1024x1024.png\",\"datePublished\":\"2025-01-02T14:00:42+00:00\",\"dateModified\":\"2025-01-02T14:02:15+00:00\",\"breadcrumb\":{\"@id\":\"https:\/\/com-azur.fr\/?page_id=374#breadcrumb\"},\"inLanguage\":\"fr-FR\",\"potentialAction\":[{\"@type\":\"ReadAction\",\"target\":[\"https:\/\/com-azur.fr\/?page_id=374\"]}]},{\"@type\":\"ImageObject\",\"inLanguage\":\"fr-FR\",\"@id\":\"https:\/\/com-azur.fr\/?page_id=374#primaryimage\",\"url\":\"https:\/\/com-azur.fr\/wp-content\/uploads\/2024\/03\/10-1.png\",\"contentUrl\":\"https:\/\/com-azur.fr\/wp-content\/uploads\/2024\/03\/10-1.png\",\"width\":1080,\"height\":1080,\"caption\":\"Animation de r\u00e9seaux sociaux dans le Var\"},{\"@type\":\"BreadcrumbList\",\"@id\":\"https:\/\/com-azur.fr\/?page_id=374#breadcrumb\",\"itemListElement\":[{\"@type\":\"ListItem\",\"position\":1,\"name\":\"Accueil\",\"item\":\"https:\/\/com-azur.fr\/\"},{\"@type\":\"ListItem\",\"position\":2,\"name\":\"Cr\u00e9ation de Contenu \u2013 Engagez et Fid\u00e9lisez votre Audience\"}]},{\"@type\":\"WebSite\",\"@id\":\"https:\/\/com-azur.fr\/#website\",\"url\":\"https:\/\/com-azur.fr\/\",\"name\":\"COM&#039;AZUR\",\"description\":\"Studio de Communication\",\"publisher\":{\"@id\":\"https:\/\/com-azur.fr\/#organization\"},\"potentialAction\":[{\"@type\":\"SearchAction\",\"target\":{\"@type\":\"EntryPoint\",\"urlTemplate\":\"https:\/\/com-azur.fr\/?s={search_term_string}\"},\"query-input\":{\"@type\":\"PropertyValueSpecification\",\"valueRequired\":true,\"valueName\":\"search_term_string\"}}],\"inLanguage\":\"fr-FR\"},{\"@type\":\"Organization\",\"@id\":\"https:\/\/com-azur.fr\/#organization\",\"name\":\"COM&#039;AZUR\",\"url\":\"https:\/\/com-azur.fr\/\",\"logo\":{\"@type\":\"ImageObject\",\"inLanguage\":\"fr-FR\",\"@id\":\"https:\/\/com-azur.fr\/#\/schema\/logo\/image\/\",\"url\":\"https:\/\/com-azur.fr\/wp-content\/uploads\/2024\/03\/cropped-Community-Manager-1-1.png\",\"contentUrl\":\"https:\/\/com-azur.fr\/wp-content\/uploads\/2024\/03\/cropped-Community-Manager-1-1.png\",\"width\":2995,\"height\":940,\"caption\":\"COM&#039;AZUR\"},\"image\":{\"@id\":\"https:\/\/com-azur.fr\/#\/schema\/logo\/image\/\"}}]}<\/script>\n<!-- \/ Yoast SEO plugin. -->","yoast_head_json":{"title":"Cr\u00e9ation de Contenu \u2013 Engagez et Fid\u00e9lisez votre Audience - COM&#039;AZUR","robots":{"index":"index","follow":"follow","max-snippet":"max-snippet:-1","max-image-preview":"max-image-preview:large","max-video-preview":"max-video-preview:-1"},"canonical":"https:\/\/com-azur.fr\/?page_id=374","og_locale":"fr_FR","og_type":"article","og_title":"Cr\u00e9ation de Contenu \u2013 Engagez et Fid\u00e9lisez votre Audience - COM&#039;AZUR","og_description":"Chez com&rsquo;Azur, nous cr\u00e9ons des contenus captivants qui stimulent l\u2019interaction et renforcent votre pr\u00e9sence en ligne. En tant que sp\u00e9cialistes de la cr\u00e9ation de contenu pour les r\u00e9seaux sociaux dans le Var, nous \u00e9laborons des publications qui refl\u00e8tent votre identit\u00e9 tout en r\u00e9pondant aux attentes de votre audience. Nos services de cr\u00e9ation de contenu incluent &hellip; Lire la suite de\u00ab\u00a0Cr\u00e9ation de Contenu \u2013 Engagez et Fid\u00e9lisez votre Audience\u00a0\u00bb","og_url":"https:\/\/com-azur.fr\/?page_id=374","og_site_name":"COM&#039;AZUR","article_modified_time":"2025-01-02T14:02:15+00:00","og_image":[{"width":1080,"height":1080,"url":"https:\/\/com-azur.fr\/wp-content\/uploads\/2024\/03\/10-1.png","type":"image\/png"}],"twitter_card":"summary_large_image","twitter_misc":{"Dur\u00e9e de lecture estim\u00e9e":"2 minutes"},"schema":{"@context":"https:\/\/schema.org","@graph":[{"@type":"WebPage","@id":"https:\/\/com-azur.fr\/?page_id=374","url":"https:\/\/com-azur.fr\/?page_id=374","name":"Cr\u00e9ation de Contenu \u2013 Engagez et Fid\u00e9lisez votre Audience - COM&#039;AZUR","isPartOf":{"@id":"https:\/\/com-azur.fr\/#website"},"primaryImageOfPage":{"@id":"https:\/\/com-azur.fr\/?page_id=374#primaryimage"},"image":{"@id":"https:\/\/com-azur.fr\/?page_id=374#primaryimage"},"thumbnailUrl":"http:\/\/com-azur.fr\/wp-content\/uploads\/2024\/03\/10-1-1024x1024.png","datePublished":"2025-01-02T14:00:42+00:00","dateModified":"2025-01-02T14:02:15+00:00","breadcrumb":{"@id":"https:\/\/com-azur.fr\/?page_id=374#breadcrumb"},"inLanguage":"fr-FR","potentialAction":[{"@type":"ReadAction","target":["https:\/\/com-azur.fr\/?page_id=374"]}]},{"@type":"ImageObject","inLanguage":"fr-FR","@id":"https:\/\/com-azur.fr\/?page_id=374#primaryimage","url":"https:\/\/com-azur.fr\/wp-content\/uploads\/2024\/03\/10-1.png","contentUrl":"https:\/\/com-azur.fr\/wp-content\/uploads\/2024\/03\/10-1.png","width":1080,"height":1080,"caption":"Animation de r\u00e9seaux sociaux dans le Var"},{"@type":"BreadcrumbList","@id":"https:\/\/com-azur.fr\/?page_id=374#breadcrumb","itemListElement":[{"@type":"ListItem","position":1,"name":"Accueil","item":"https:\/\/com-azur.fr\/"},{"@type":"ListItem","position":2,"name":"Cr\u00e9ation de Contenu \u2013 Engagez et Fid\u00e9lisez votre Audience"}]},{"@type":"WebSite","@id":"https:\/\/com-azur.fr\/#website","url":"https:\/\/com-azur.fr\/","name":"COM&#039;AZUR","description":"Studio de Communication","publisher":{"@id":"https:\/\/com-azur.fr\/#organization"},"potentialAction":[{"@type":"SearchAction","target":{"@type":"EntryPoint","urlTemplate":"https:\/\/com-azur.fr\/?s={search_term_string}"},"query-input":{"@type":"PropertyValueSpecification","valueRequired":true,"valueName":"search_term_string"}}],"inLanguage":"fr-FR"},{"@type":"Organization","@id":"https:\/\/com-azur.fr\/#organization","name":"COM&#039;AZUR","url":"https:\/\/com-azur.fr\/","logo":{"@type":"ImageObject","inLanguage":"fr-FR","@id":"https:\/\/com-azur.fr\/#\/schema\/logo\/image\/","url":"https:\/\/com-azur.fr\/wp-content\/uploads\/2024\/03\/cropped-Community-Manager-1-1.png","contentUrl":"https:\/\/com-azur.fr\/wp-content\/uploads\/2024\/03\/cropped-Community-Manager-1-1.png","width":2995,"height":940,"caption":"COM&#039;AZUR"},"image":{"@id":"https:\/\/com-azur.fr\/#\/schema\/logo\/image\/"}}]}},"_links":{"self":[{"href":"https:\/\/com-azur.fr\/index.php?rest_route=\/wp\/v2\/pages\/374","targetHints":{"allow":["GET"]}}],"collection":[{"href":"https:\/\/com-azur.fr\/index.php?rest_route=\/wp\/v2\/pages"}],"about":[{"href":"https:\/\/com-azur.fr\/index.php?rest_route=\/wp\/v2\/types\/page"}],"author":[{"embeddable":true,"href":"https:\/\/com-azur.fr\/index.php?rest_route=\/wp\/v2\/users\/1"}],"replies":[{"embeddable":true,"href":"https:\/\/com-azur.fr\/index.php?rest_route=%2Fwp%2Fv2%2Fcomments&post=374"}],"version-history":[{"count":3,"href":"https:\/\/com-azur.fr\/index.php?rest_route=\/wp\/v2\/pages\/374\/revisions"}],"predecessor-version":[{"id":379,"href":"https:\/\/com-azur.fr\/index.php?rest_route=\/wp\/v2\/pages\/374\/revisions\/379"}],"wp:attachment":[{"href":"https:\/\/com-azur.fr\/index.php?rest_route=%2Fwp%2Fv2%2Fmedia&parent=374"}],"curies":[{"name":"wp","href":"https:\/\/api.w.org\/{rel}","templated":true}]}}