{"id":371,"date":"2025-01-02T14:59:01","date_gmt":"2025-01-02T13:59:01","guid":{"rendered":"https:\/\/com-azur.fr\/?page_id=371"},"modified":"2025-01-02T14:59:02","modified_gmt":"2025-01-02T13:59:02","slug":"photographie","status":"publish","type":"page","link":"https:\/\/com-azur.fr\/?page_id=371","title":{"rendered":"PHOTOGRAPHIE"},"content":{"rendered":"\n<div class=\"wp-block-columns is-layout-flex wp-container-core-columns-is-layout-28f84493 wp-block-columns-is-layout-flex\">\n<div class=\"wp-block-column is-layout-flow wp-block-column-is-layout-flow\" style=\"flex-basis:100%\">\n<div class=\"wp-block-cover is-light has-custom-content-position is-position-bottom-center\" style=\"min-height:393px;aspect-ratio:unset;\"><span aria-hidden=\"true\" class=\"wp-block-cover__background has-background-dim\" style=\"background-color:#d5d5d3\"><\/span><img loading=\"lazy\" decoding=\"async\" width=\"1080\" height=\"1080\" class=\"wp-block-cover__image-background wp-image-290\" alt=\"\" src=\"http:\/\/com-azur.fr\/wp-content\/uploads\/2024\/03\/11-1.png\" data-object-fit=\"cover\" srcset=\"https:\/\/com-azur.fr\/wp-content\/uploads\/2024\/03\/11-1.png 1080w, https:\/\/com-azur.fr\/wp-content\/uploads\/2024\/03\/11-1-300x300.png 300w, https:\/\/com-azur.fr\/wp-content\/uploads\/2024\/03\/11-1-1024x1024.png 1024w, https:\/\/com-azur.fr\/wp-content\/uploads\/2024\/03\/11-1-150x150.png 150w, https:\/\/com-azur.fr\/wp-content\/uploads\/2024\/03\/11-1-768x768.png 768w\" sizes=\"auto, (max-width: 1080px) 100vw, 1080px\" \/><div class=\"wp-block-cover__inner-container is-layout-flow wp-block-cover-is-layout-flow\">\n<p class=\"has-text-align-center has-large-font-size\"><\/p>\n<\/div><\/div>\n<\/div>\n<\/div>\n\n\n\n<p>Chez <strong>com&rsquo;Azur<\/strong>, nous savons que des visuels percutants sont essentiels pour capter l\u2019attention de votre audience. En tant que <strong>photographe sp\u00e9cialis\u00e9 en community management<\/strong>, nous cr\u00e9ons des contenus visuels uniques qui refl\u00e8tent l\u2019identit\u00e9 de votre marque et suscitent l\u2019engagement.<\/p>\n\n\n\n<p>Nos services de photographie incluent :<\/p>\n\n\n\n<ul class=\"wp-block-list\">\n<li><strong>Photos de produits<\/strong> : Sublimez vos articles avec des visuels de haute qualit\u00e9 adapt\u00e9s aux r\u00e9seaux sociaux.<\/li>\n\n\n\n<li><strong>Reportages \u00e9v\u00e9nementiels<\/strong> : Immortalisez vos \u00e9v\u00e9nements et partagez des moments forts avec votre communaut\u00e9.<\/li>\n\n\n\n<li><strong>Portraits et \u00e9quipe<\/strong> : Humanisez votre communication en mettant en avant les visages qui font vivre votre entreprise.<\/li>\n\n\n\n<li><strong>Photographie lifestyle<\/strong> : Cr\u00e9ez une connexion \u00e9motionnelle avec des images qui racontent une histoire autour de votre marque.<\/li>\n<\/ul>\n\n\n\n<p>Chaque photo est optimis\u00e9e pour maximiser l\u2019impact sur vos plateformes digitales, renfor\u00e7ant ainsi votre visibilit\u00e9 et votre notori\u00e9t\u00e9. Avec <strong>com&rsquo;Azur<\/strong>, vos visuels deviennent de v\u00e9ritables outils strat\u00e9giques pour conqu\u00e9rir et fid\u00e9liser votre audience.<\/p>\n\n\n\n<p><\/p>\n\n\n\n<div class=\"wp-block-buttons is-content-justification-center is-layout-flex wp-container-core-buttons-is-layout-a89b3969 wp-block-buttons-is-layout-flex\">\n<div class=\"wp-block-button\"><a class=\"wp-block-button__link wp-element-button\" href=\"https:\/\/com-azur.fr\/?page_id=40\">Contactez nous <\/a><\/div>\n<\/div>\n\n\n\n<p><\/p>\n","protected":false},"excerpt":{"rendered":"<p>Chez com&rsquo;Azur, nous savons que des visuels percutants sont essentiels pour capter l\u2019attention de votre audience. En tant que photographe sp\u00e9cialis\u00e9 en community management, nous cr\u00e9ons des contenus visuels uniques qui refl\u00e8tent l\u2019identit\u00e9 de votre marque et suscitent l\u2019engagement. Nos services de photographie incluent : Chaque photo est optimis\u00e9e pour maximiser l\u2019impact sur vos plateformes &hellip; <\/p>\n<p class=\"link-more\"><a href=\"https:\/\/com-azur.fr\/?page_id=371\" class=\"more-link\">Lire la suite de<span class=\"screen-reader-text\">\u00ab\u00a0PHOTOGRAPHIE\u00a0\u00bb<\/span><\/a><\/p>\n","protected":false},"author":1,"featured_media":0,"parent":0,"menu_order":0,"comment_status":"closed","ping_status":"closed","template":"","meta":{"footnotes":""},"class_list":["post-371","page","type-page","status-publish","hentry"],"yoast_head":"<!-- This site is optimized with the Yoast SEO plugin v24.0 - https:\/\/yoast.com\/wordpress\/plugins\/seo\/ -->\n<title>PHOTOGRAPHIE - COM&#039;AZUR<\/title>\n<meta name=\"robots\" content=\"index, follow, max-snippet:-1, max-image-preview:large, max-video-preview:-1\" \/>\n<link rel=\"canonical\" href=\"https:\/\/com-azur.fr\/?page_id=371\" \/>\n<meta property=\"og:locale\" content=\"fr_FR\" \/>\n<meta property=\"og:type\" content=\"article\" \/>\n<meta property=\"og:title\" content=\"PHOTOGRAPHIE - COM&#039;AZUR\" \/>\n<meta property=\"og:description\" content=\"Chez com&rsquo;Azur, nous savons que des visuels percutants sont essentiels pour capter l\u2019attention de votre audience. En tant que photographe sp\u00e9cialis\u00e9 en community management, nous cr\u00e9ons des contenus visuels uniques qui refl\u00e8tent l\u2019identit\u00e9 de votre marque et suscitent l\u2019engagement. Nos services de photographie incluent : Chaque photo est optimis\u00e9e pour maximiser l\u2019impact sur vos plateformes &hellip; Lire la suite de\u00ab\u00a0PHOTOGRAPHIE\u00a0\u00bb\" \/>\n<meta property=\"og:url\" content=\"https:\/\/com-azur.fr\/?page_id=371\" \/>\n<meta property=\"og:site_name\" content=\"COM&#039;AZUR\" \/>\n<meta property=\"article:modified_time\" content=\"2025-01-02T13:59:02+00:00\" \/>\n<meta property=\"og:image\" content=\"https:\/\/com-azur.fr\/wp-content\/uploads\/2024\/03\/11-1.png\" \/>\n\t<meta property=\"og:image:width\" content=\"1080\" \/>\n\t<meta property=\"og:image:height\" content=\"1080\" \/>\n\t<meta property=\"og:image:type\" content=\"image\/png\" \/>\n<meta name=\"twitter:card\" content=\"summary_large_image\" \/>\n<meta name=\"twitter:label1\" content=\"Dur\u00e9e de lecture estim\u00e9e\" \/>\n\t<meta name=\"twitter:data1\" content=\"1 minute\" \/>\n<script type=\"application\/ld+json\" class=\"yoast-schema-graph\">{\"@context\":\"https:\/\/schema.org\",\"@graph\":[{\"@type\":\"WebPage\",\"@id\":\"https:\/\/com-azur.fr\/?page_id=371\",\"url\":\"https:\/\/com-azur.fr\/?page_id=371\",\"name\":\"PHOTOGRAPHIE - COM&#039;AZUR\",\"isPartOf\":{\"@id\":\"https:\/\/com-azur.fr\/#website\"},\"primaryImageOfPage\":{\"@id\":\"https:\/\/com-azur.fr\/?page_id=371#primaryimage\"},\"image\":{\"@id\":\"https:\/\/com-azur.fr\/?page_id=371#primaryimage\"},\"thumbnailUrl\":\"http:\/\/com-azur.fr\/wp-content\/uploads\/2024\/03\/11-1.png\",\"datePublished\":\"2025-01-02T13:59:01+00:00\",\"dateModified\":\"2025-01-02T13:59:02+00:00\",\"breadcrumb\":{\"@id\":\"https:\/\/com-azur.fr\/?page_id=371#breadcrumb\"},\"inLanguage\":\"fr-FR\",\"potentialAction\":[{\"@type\":\"ReadAction\",\"target\":[\"https:\/\/com-azur.fr\/?page_id=371\"]}]},{\"@type\":\"ImageObject\",\"inLanguage\":\"fr-FR\",\"@id\":\"https:\/\/com-azur.fr\/?page_id=371#primaryimage\",\"url\":\"https:\/\/com-azur.fr\/wp-content\/uploads\/2024\/03\/11-1.png\",\"contentUrl\":\"https:\/\/com-azur.fr\/wp-content\/uploads\/2024\/03\/11-1.png\",\"width\":1080,\"height\":1080,\"caption\":\"Cr\u00e9ation de visuels pour Instagram Toulon\"},{\"@type\":\"BreadcrumbList\",\"@id\":\"https:\/\/com-azur.fr\/?page_id=371#breadcrumb\",\"itemListElement\":[{\"@type\":\"ListItem\",\"position\":1,\"name\":\"Accueil\",\"item\":\"https:\/\/com-azur.fr\/\"},{\"@type\":\"ListItem\",\"position\":2,\"name\":\"PHOTOGRAPHIE\"}]},{\"@type\":\"WebSite\",\"@id\":\"https:\/\/com-azur.fr\/#website\",\"url\":\"https:\/\/com-azur.fr\/\",\"name\":\"COM&#039;AZUR\",\"description\":\"Studio de Communication\",\"publisher\":{\"@id\":\"https:\/\/com-azur.fr\/#organization\"},\"potentialAction\":[{\"@type\":\"SearchAction\",\"target\":{\"@type\":\"EntryPoint\",\"urlTemplate\":\"https:\/\/com-azur.fr\/?s={search_term_string}\"},\"query-input\":{\"@type\":\"PropertyValueSpecification\",\"valueRequired\":true,\"valueName\":\"search_term_string\"}}],\"inLanguage\":\"fr-FR\"},{\"@type\":\"Organization\",\"@id\":\"https:\/\/com-azur.fr\/#organization\",\"name\":\"COM&#039;AZUR\",\"url\":\"https:\/\/com-azur.fr\/\",\"logo\":{\"@type\":\"ImageObject\",\"inLanguage\":\"fr-FR\",\"@id\":\"https:\/\/com-azur.fr\/#\/schema\/logo\/image\/\",\"url\":\"https:\/\/com-azur.fr\/wp-content\/uploads\/2024\/03\/cropped-Community-Manager-1-1.png\",\"contentUrl\":\"https:\/\/com-azur.fr\/wp-content\/uploads\/2024\/03\/cropped-Community-Manager-1-1.png\",\"width\":2995,\"height\":940,\"caption\":\"COM&#039;AZUR\"},\"image\":{\"@id\":\"https:\/\/com-azur.fr\/#\/schema\/logo\/image\/\"}}]}<\/script>\n<!-- \/ Yoast SEO plugin. -->","yoast_head_json":{"title":"PHOTOGRAPHIE - COM&#039;AZUR","robots":{"index":"index","follow":"follow","max-snippet":"max-snippet:-1","max-image-preview":"max-image-preview:large","max-video-preview":"max-video-preview:-1"},"canonical":"https:\/\/com-azur.fr\/?page_id=371","og_locale":"fr_FR","og_type":"article","og_title":"PHOTOGRAPHIE - COM&#039;AZUR","og_description":"Chez com&rsquo;Azur, nous savons que des visuels percutants sont essentiels pour capter l\u2019attention de votre audience. En tant que photographe sp\u00e9cialis\u00e9 en community management, nous cr\u00e9ons des contenus visuels uniques qui refl\u00e8tent l\u2019identit\u00e9 de votre marque et suscitent l\u2019engagement. Nos services de photographie incluent : Chaque photo est optimis\u00e9e pour maximiser l\u2019impact sur vos plateformes &hellip; Lire la suite de\u00ab\u00a0PHOTOGRAPHIE\u00a0\u00bb","og_url":"https:\/\/com-azur.fr\/?page_id=371","og_site_name":"COM&#039;AZUR","article_modified_time":"2025-01-02T13:59:02+00:00","og_image":[{"width":1080,"height":1080,"url":"https:\/\/com-azur.fr\/wp-content\/uploads\/2024\/03\/11-1.png","type":"image\/png"}],"twitter_card":"summary_large_image","twitter_misc":{"Dur\u00e9e de lecture estim\u00e9e":"1 minute"},"schema":{"@context":"https:\/\/schema.org","@graph":[{"@type":"WebPage","@id":"https:\/\/com-azur.fr\/?page_id=371","url":"https:\/\/com-azur.fr\/?page_id=371","name":"PHOTOGRAPHIE - COM&#039;AZUR","isPartOf":{"@id":"https:\/\/com-azur.fr\/#website"},"primaryImageOfPage":{"@id":"https:\/\/com-azur.fr\/?page_id=371#primaryimage"},"image":{"@id":"https:\/\/com-azur.fr\/?page_id=371#primaryimage"},"thumbnailUrl":"http:\/\/com-azur.fr\/wp-content\/uploads\/2024\/03\/11-1.png","datePublished":"2025-01-02T13:59:01+00:00","dateModified":"2025-01-02T13:59:02+00:00","breadcrumb":{"@id":"https:\/\/com-azur.fr\/?page_id=371#breadcrumb"},"inLanguage":"fr-FR","potentialAction":[{"@type":"ReadAction","target":["https:\/\/com-azur.fr\/?page_id=371"]}]},{"@type":"ImageObject","inLanguage":"fr-FR","@id":"https:\/\/com-azur.fr\/?page_id=371#primaryimage","url":"https:\/\/com-azur.fr\/wp-content\/uploads\/2024\/03\/11-1.png","contentUrl":"https:\/\/com-azur.fr\/wp-content\/uploads\/2024\/03\/11-1.png","width":1080,"height":1080,"caption":"Cr\u00e9ation de visuels pour Instagram Toulon"},{"@type":"BreadcrumbList","@id":"https:\/\/com-azur.fr\/?page_id=371#breadcrumb","itemListElement":[{"@type":"ListItem","position":1,"name":"Accueil","item":"https:\/\/com-azur.fr\/"},{"@type":"ListItem","position":2,"name":"PHOTOGRAPHIE"}]},{"@type":"WebSite","@id":"https:\/\/com-azur.fr\/#website","url":"https:\/\/com-azur.fr\/","name":"COM&#039;AZUR","description":"Studio de Communication","publisher":{"@id":"https:\/\/com-azur.fr\/#organization"},"potentialAction":[{"@type":"SearchAction","target":{"@type":"EntryPoint","urlTemplate":"https:\/\/com-azur.fr\/?s={search_term_string}"},"query-input":{"@type":"PropertyValueSpecification","valueRequired":true,"valueName":"search_term_string"}}],"inLanguage":"fr-FR"},{"@type":"Organization","@id":"https:\/\/com-azur.fr\/#organization","name":"COM&#039;AZUR","url":"https:\/\/com-azur.fr\/","logo":{"@type":"ImageObject","inLanguage":"fr-FR","@id":"https:\/\/com-azur.fr\/#\/schema\/logo\/image\/","url":"https:\/\/com-azur.fr\/wp-content\/uploads\/2024\/03\/cropped-Community-Manager-1-1.png","contentUrl":"https:\/\/com-azur.fr\/wp-content\/uploads\/2024\/03\/cropped-Community-Manager-1-1.png","width":2995,"height":940,"caption":"COM&#039;AZUR"},"image":{"@id":"https:\/\/com-azur.fr\/#\/schema\/logo\/image\/"}}]}},"_links":{"self":[{"href":"https:\/\/com-azur.fr\/index.php?rest_route=\/wp\/v2\/pages\/371","targetHints":{"allow":["GET"]}}],"collection":[{"href":"https:\/\/com-azur.fr\/index.php?rest_route=\/wp\/v2\/pages"}],"about":[{"href":"https:\/\/com-azur.fr\/index.php?rest_route=\/wp\/v2\/types\/page"}],"author":[{"embeddable":true,"href":"https:\/\/com-azur.fr\/index.php?rest_route=\/wp\/v2\/users\/1"}],"replies":[{"embeddable":true,"href":"https:\/\/com-azur.fr\/index.php?rest_route=%2Fwp%2Fv2%2Fcomments&post=371"}],"version-history":[{"count":1,"href":"https:\/\/com-azur.fr\/index.php?rest_route=\/wp\/v2\/pages\/371\/revisions"}],"predecessor-version":[{"id":373,"href":"https:\/\/com-azur.fr\/index.php?rest_route=\/wp\/v2\/pages\/371\/revisions\/373"}],"wp:attachment":[{"href":"https:\/\/com-azur.fr\/index.php?rest_route=%2Fwp%2Fv2%2Fmedia&parent=371"}],"curies":[{"name":"wp","href":"https:\/\/api.w.org\/{rel}","templated":true}]}}