{"id":166,"date":"2023-08-27T17:23:04","date_gmt":"2023-08-27T15:23:04","guid":{"rendered":"https:\/\/com-azur.fr\/?page_id=166"},"modified":"2024-12-15T13:07:55","modified_gmt":"2024-12-15T12:07:55","slug":"identite-visuelle-toulon","status":"publish","type":"page","link":"https:\/\/com-azur.fr\/?page_id=166","title":{"rendered":"Identit\u00e9 visuelle"},"content":{"rendered":"\n<p>L&rsquo;identit\u00e9 visuelle dans le Community Management est cruciale pour cr\u00e9er une exp\u00e9rience coh\u00e9rente et reconnaissable pour votre audience. Elle aide \u00e0 renforcer la perception de votre marque, \u00e0 augmenter la m\u00e9morabilit\u00e9 et \u00e0 cr\u00e9er une connexion \u00e9motionnelle avec votre communaut\u00e9 en ligne<\/p>\n\n\n\n<h2 class=\"wp-block-heading\">Voici comment nous abordons l&rsquo;identit\u00e9 visuelle dans votre strat\u00e9gie de <a href=\"https:\/\/com-azur.fr\/?page_id=151\">Community Management<\/a> :<\/h2>\n\n\n\n<ul class=\"wp-block-list\">\n<li>Nous d\u00e9finissons une palette de couleurs qui refl\u00e8te l&rsquo;essence de votre marque et nous les utilisons de mani\u00e8re coh\u00e9rente dans vos graphiques et publications.<\/li>\n\n\n\n<li>Nous d\u00e9velopons des mod\u00e8les de graphiques pour vos publications, en utilisant vos couleurs, votre typographie et votre logo.<\/li>\n\n\n\n<li>Nous cr\u00e9ons des images, des illustrations et des vid\u00e9os qui correspondent \u00e0 l&rsquo;esth\u00e9tique de votre marque et qui \u00e9voquent les valeurs que vous repr\u00e9sentez.<\/li>\n\n\n\n<li>Nous Adaptons vos visuels aux diff\u00e9rents formats de chaque plateforme, qu&rsquo;il s&rsquo;agisse d&rsquo;une image carr\u00e9e pour Instagram ou d&rsquo;une banni\u00e8re pour Facebook ! <\/li>\n<\/ul>\n\n\n\n<hr class=\"wp-block-separator has-alpha-channel-opacity\"\/>\n\n\n\n<div class=\"wp-block-buttons is-content-justification-center is-layout-flex wp-container-core-buttons-is-layout-a89b3969 wp-block-buttons-is-layout-flex\">\n<div class=\"wp-block-button\"><a class=\"wp-block-button__link wp-element-button\" href=\"https:\/\/com-azur.fr\/?page_id=40\">contactez nous<\/a><\/div>\n<\/div>\n\n\n\n<hr class=\"wp-block-separator has-alpha-channel-opacity\"\/>\n\n\n\n<figure class=\"wp-block-image aligncenter size-large is-resized\"><img loading=\"lazy\" decoding=\"async\" width=\"1024\" height=\"1024\" src=\"http:\/\/com-azur.fr\/wp-content\/uploads\/2024\/03\/8-1024x1024.png\" alt=\"Freelance en communication digitale dans le Var\" class=\"wp-image-284\" style=\"width:461px;height:auto\" srcset=\"https:\/\/com-azur.fr\/wp-content\/uploads\/2024\/03\/8-1024x1024.png 1024w, https:\/\/com-azur.fr\/wp-content\/uploads\/2024\/03\/8-300x300.png 300w, https:\/\/com-azur.fr\/wp-content\/uploads\/2024\/03\/8-150x150.png 150w, https:\/\/com-azur.fr\/wp-content\/uploads\/2024\/03\/8-768x768.png 768w, https:\/\/com-azur.fr\/wp-content\/uploads\/2024\/03\/8.png 1080w\" sizes=\"auto, (max-width: 1024px) 100vw, 1024px\" \/><figcaption class=\"wp-element-caption\">Cr\u00e9ation de visuels pour <a href=\"https:\/\/www.instagram.com\/com.azur\/\">Instagram<\/a> Toulon<\/figcaption><\/figure>\n\n\n\n<p><\/p>\n","protected":false},"excerpt":{"rendered":"<p>L&rsquo;identit\u00e9 visuelle dans le Community Management est cruciale pour cr\u00e9er une exp\u00e9rience coh\u00e9rente et reconnaissable pour votre audience. Elle aide \u00e0 renforcer la perception de votre marque, \u00e0 augmenter la m\u00e9morabilit\u00e9 et \u00e0 cr\u00e9er une connexion \u00e9motionnelle avec votre communaut\u00e9 en ligne Voici comment nous abordons l&rsquo;identit\u00e9 visuelle dans votre strat\u00e9gie de Community Management :<\/p>\n","protected":false},"author":1,"featured_media":0,"parent":0,"menu_order":0,"comment_status":"closed","ping_status":"closed","template":"","meta":{"footnotes":""},"class_list":["post-166","page","type-page","status-publish","hentry"],"yoast_head":"<!-- This site is optimized with the Yoast SEO plugin v24.0 - https:\/\/yoast.com\/wordpress\/plugins\/seo\/ -->\n<title>Identit\u00e9 visuelle - COM&#039;AZUR<\/title>\n<meta name=\"description\" content=\"Freelance en communication digitale \u00e0 Toulon et dans le Var, cr\u00e9ation d&#039;identit\u00e9 visuelle pour Instagram et r\u00e9seaux sociaux\" \/>\n<meta name=\"robots\" content=\"index, follow, max-snippet:-1, max-image-preview:large, max-video-preview:-1\" \/>\n<link rel=\"canonical\" href=\"https:\/\/com-azur.fr\/?page_id=166\" \/>\n<meta property=\"og:locale\" content=\"fr_FR\" \/>\n<meta property=\"og:type\" content=\"article\" \/>\n<meta property=\"og:title\" content=\"Identit\u00e9 visuelle - COM&#039;AZUR\" \/>\n<meta property=\"og:description\" content=\"Freelance en communication digitale \u00e0 Toulon et dans le Var, cr\u00e9ation d&#039;identit\u00e9 visuelle pour Instagram et r\u00e9seaux sociaux\" \/>\n<meta property=\"og:url\" content=\"https:\/\/com-azur.fr\/?page_id=166\" \/>\n<meta property=\"og:site_name\" content=\"COM&#039;AZUR\" \/>\n<meta property=\"article:modified_time\" content=\"2024-12-15T12:07:55+00:00\" \/>\n<meta property=\"og:image\" content=\"https:\/\/com-azur.fr\/wp-content\/uploads\/2024\/03\/8.png\" \/>\n\t<meta property=\"og:image:width\" content=\"1080\" \/>\n\t<meta property=\"og:image:height\" content=\"1080\" \/>\n\t<meta property=\"og:image:type\" content=\"image\/png\" \/>\n<meta name=\"twitter:card\" content=\"summary_large_image\" \/>\n<meta name=\"twitter:label1\" content=\"Dur\u00e9e de lecture estim\u00e9e\" \/>\n\t<meta name=\"twitter:data1\" content=\"1 minute\" \/>\n<script type=\"application\/ld+json\" class=\"yoast-schema-graph\">{\"@context\":\"https:\/\/schema.org\",\"@graph\":[{\"@type\":\"WebPage\",\"@id\":\"https:\/\/com-azur.fr\/?page_id=166\",\"url\":\"https:\/\/com-azur.fr\/?page_id=166\",\"name\":\"Identit\u00e9 visuelle - COM&#039;AZUR\",\"isPartOf\":{\"@id\":\"https:\/\/com-azur.fr\/#website\"},\"primaryImageOfPage\":{\"@id\":\"https:\/\/com-azur.fr\/?page_id=166#primaryimage\"},\"image\":{\"@id\":\"https:\/\/com-azur.fr\/?page_id=166#primaryimage\"},\"thumbnailUrl\":\"http:\/\/com-azur.fr\/wp-content\/uploads\/2024\/03\/8-1024x1024.png\",\"datePublished\":\"2023-08-27T15:23:04+00:00\",\"dateModified\":\"2024-12-15T12:07:55+00:00\",\"description\":\"Freelance en communication digitale \u00e0 Toulon et dans le Var, cr\u00e9ation d'identit\u00e9 visuelle pour Instagram et r\u00e9seaux sociaux\",\"breadcrumb\":{\"@id\":\"https:\/\/com-azur.fr\/?page_id=166#breadcrumb\"},\"inLanguage\":\"fr-FR\",\"potentialAction\":[{\"@type\":\"ReadAction\",\"target\":[\"https:\/\/com-azur.fr\/?page_id=166\"]}]},{\"@type\":\"ImageObject\",\"inLanguage\":\"fr-FR\",\"@id\":\"https:\/\/com-azur.fr\/?page_id=166#primaryimage\",\"url\":\"https:\/\/com-azur.fr\/wp-content\/uploads\/2024\/03\/8.png\",\"contentUrl\":\"https:\/\/com-azur.fr\/wp-content\/uploads\/2024\/03\/8.png\",\"width\":1080,\"height\":1080,\"caption\":\"Cr\u00e9ation de visuels pour Instagram Toulon\"},{\"@type\":\"BreadcrumbList\",\"@id\":\"https:\/\/com-azur.fr\/?page_id=166#breadcrumb\",\"itemListElement\":[{\"@type\":\"ListItem\",\"position\":1,\"name\":\"Accueil\",\"item\":\"https:\/\/com-azur.fr\/\"},{\"@type\":\"ListItem\",\"position\":2,\"name\":\"Identit\u00e9 visuelle\"}]},{\"@type\":\"WebSite\",\"@id\":\"https:\/\/com-azur.fr\/#website\",\"url\":\"https:\/\/com-azur.fr\/\",\"name\":\"COM&#039;AZUR\",\"description\":\"Studio de Communication\",\"publisher\":{\"@id\":\"https:\/\/com-azur.fr\/#organization\"},\"potentialAction\":[{\"@type\":\"SearchAction\",\"target\":{\"@type\":\"EntryPoint\",\"urlTemplate\":\"https:\/\/com-azur.fr\/?s={search_term_string}\"},\"query-input\":{\"@type\":\"PropertyValueSpecification\",\"valueRequired\":true,\"valueName\":\"search_term_string\"}}],\"inLanguage\":\"fr-FR\"},{\"@type\":\"Organization\",\"@id\":\"https:\/\/com-azur.fr\/#organization\",\"name\":\"COM&#039;AZUR\",\"url\":\"https:\/\/com-azur.fr\/\",\"logo\":{\"@type\":\"ImageObject\",\"inLanguage\":\"fr-FR\",\"@id\":\"https:\/\/com-azur.fr\/#\/schema\/logo\/image\/\",\"url\":\"https:\/\/com-azur.fr\/wp-content\/uploads\/2024\/03\/cropped-Community-Manager-1-1.png\",\"contentUrl\":\"https:\/\/com-azur.fr\/wp-content\/uploads\/2024\/03\/cropped-Community-Manager-1-1.png\",\"width\":2995,\"height\":940,\"caption\":\"COM&#039;AZUR\"},\"image\":{\"@id\":\"https:\/\/com-azur.fr\/#\/schema\/logo\/image\/\"}}]}<\/script>\n<!-- \/ Yoast SEO plugin. -->","yoast_head_json":{"title":"Identit\u00e9 visuelle - COM&#039;AZUR","description":"Freelance en communication digitale \u00e0 Toulon et dans le Var, cr\u00e9ation d'identit\u00e9 visuelle pour Instagram et r\u00e9seaux sociaux","robots":{"index":"index","follow":"follow","max-snippet":"max-snippet:-1","max-image-preview":"max-image-preview:large","max-video-preview":"max-video-preview:-1"},"canonical":"https:\/\/com-azur.fr\/?page_id=166","og_locale":"fr_FR","og_type":"article","og_title":"Identit\u00e9 visuelle - COM&#039;AZUR","og_description":"Freelance en communication digitale \u00e0 Toulon et dans le Var, cr\u00e9ation d'identit\u00e9 visuelle pour Instagram et r\u00e9seaux sociaux","og_url":"https:\/\/com-azur.fr\/?page_id=166","og_site_name":"COM&#039;AZUR","article_modified_time":"2024-12-15T12:07:55+00:00","og_image":[{"width":1080,"height":1080,"url":"https:\/\/com-azur.fr\/wp-content\/uploads\/2024\/03\/8.png","type":"image\/png"}],"twitter_card":"summary_large_image","twitter_misc":{"Dur\u00e9e de lecture estim\u00e9e":"1 minute"},"schema":{"@context":"https:\/\/schema.org","@graph":[{"@type":"WebPage","@id":"https:\/\/com-azur.fr\/?page_id=166","url":"https:\/\/com-azur.fr\/?page_id=166","name":"Identit\u00e9 visuelle - COM&#039;AZUR","isPartOf":{"@id":"https:\/\/com-azur.fr\/#website"},"primaryImageOfPage":{"@id":"https:\/\/com-azur.fr\/?page_id=166#primaryimage"},"image":{"@id":"https:\/\/com-azur.fr\/?page_id=166#primaryimage"},"thumbnailUrl":"http:\/\/com-azur.fr\/wp-content\/uploads\/2024\/03\/8-1024x1024.png","datePublished":"2023-08-27T15:23:04+00:00","dateModified":"2024-12-15T12:07:55+00:00","description":"Freelance en communication digitale \u00e0 Toulon et dans le Var, cr\u00e9ation d'identit\u00e9 visuelle pour Instagram et r\u00e9seaux sociaux","breadcrumb":{"@id":"https:\/\/com-azur.fr\/?page_id=166#breadcrumb"},"inLanguage":"fr-FR","potentialAction":[{"@type":"ReadAction","target":["https:\/\/com-azur.fr\/?page_id=166"]}]},{"@type":"ImageObject","inLanguage":"fr-FR","@id":"https:\/\/com-azur.fr\/?page_id=166#primaryimage","url":"https:\/\/com-azur.fr\/wp-content\/uploads\/2024\/03\/8.png","contentUrl":"https:\/\/com-azur.fr\/wp-content\/uploads\/2024\/03\/8.png","width":1080,"height":1080,"caption":"Cr\u00e9ation de visuels pour Instagram Toulon"},{"@type":"BreadcrumbList","@id":"https:\/\/com-azur.fr\/?page_id=166#breadcrumb","itemListElement":[{"@type":"ListItem","position":1,"name":"Accueil","item":"https:\/\/com-azur.fr\/"},{"@type":"ListItem","position":2,"name":"Identit\u00e9 visuelle"}]},{"@type":"WebSite","@id":"https:\/\/com-azur.fr\/#website","url":"https:\/\/com-azur.fr\/","name":"COM&#039;AZUR","description":"Studio de Communication","publisher":{"@id":"https:\/\/com-azur.fr\/#organization"},"potentialAction":[{"@type":"SearchAction","target":{"@type":"EntryPoint","urlTemplate":"https:\/\/com-azur.fr\/?s={search_term_string}"},"query-input":{"@type":"PropertyValueSpecification","valueRequired":true,"valueName":"search_term_string"}}],"inLanguage":"fr-FR"},{"@type":"Organization","@id":"https:\/\/com-azur.fr\/#organization","name":"COM&#039;AZUR","url":"https:\/\/com-azur.fr\/","logo":{"@type":"ImageObject","inLanguage":"fr-FR","@id":"https:\/\/com-azur.fr\/#\/schema\/logo\/image\/","url":"https:\/\/com-azur.fr\/wp-content\/uploads\/2024\/03\/cropped-Community-Manager-1-1.png","contentUrl":"https:\/\/com-azur.fr\/wp-content\/uploads\/2024\/03\/cropped-Community-Manager-1-1.png","width":2995,"height":940,"caption":"COM&#039;AZUR"},"image":{"@id":"https:\/\/com-azur.fr\/#\/schema\/logo\/image\/"}}]}},"_links":{"self":[{"href":"https:\/\/com-azur.fr\/index.php?rest_route=\/wp\/v2\/pages\/166","targetHints":{"allow":["GET"]}}],"collection":[{"href":"https:\/\/com-azur.fr\/index.php?rest_route=\/wp\/v2\/pages"}],"about":[{"href":"https:\/\/com-azur.fr\/index.php?rest_route=\/wp\/v2\/types\/page"}],"author":[{"embeddable":true,"href":"https:\/\/com-azur.fr\/index.php?rest_route=\/wp\/v2\/users\/1"}],"replies":[{"embeddable":true,"href":"https:\/\/com-azur.fr\/index.php?rest_route=%2Fwp%2Fv2%2Fcomments&post=166"}],"version-history":[{"count":9,"href":"https:\/\/com-azur.fr\/index.php?rest_route=\/wp\/v2\/pages\/166\/revisions"}],"predecessor-version":[{"id":357,"href":"https:\/\/com-azur.fr\/index.php?rest_route=\/wp\/v2\/pages\/166\/revisions\/357"}],"wp:attachment":[{"href":"https:\/\/com-azur.fr\/index.php?rest_route=%2Fwp%2Fv2%2Fmedia&parent=166"}],"curies":[{"name":"wp","href":"https:\/\/api.w.org\/{rel}","templated":true}]}}