{"id":151,"date":"2024-08-27T16:50:32","date_gmt":"2024-08-27T14:50:32","guid":{"rendered":"https:\/\/com-azur.fr\/?page_id=151"},"modified":"2024-12-15T19:09:51","modified_gmt":"2024-12-15T18:09:51","slug":"community-manager-toulon","status":"publish","type":"page","link":"https:\/\/com-azur.fr\/?page_id=151","title":{"rendered":"Community manager Toulon"},"content":{"rendered":"\n<h2 class=\"wp-block-heading\"><strong>Qu&rsquo;est-ce que le Community Management ?<\/strong> <\/h2>\n\n\n\n<p>Le Community Management d\u00e9signe la gestion et l&rsquo;interaction avec une communaut\u00e9 en ligne, g\u00e9n\u00e9ralement sur les m\u00e9dias sociaux et d&rsquo;autres plateformes num\u00e9riques. Cela implique d&rsquo;engager, de r\u00e9pondre et d&rsquo;interagir avec les membres de la communaut\u00e9, de cr\u00e9er du contenu engageant, de favoriser les discussions, et de maintenir une relation positive entre l&rsquo;entreprise ou la personne et sa communaut\u00e9 en ligne.<\/p>\n\n\n\n<h2 class=\"wp-block-heading\"><strong> Que fait un Community Manager ?<\/strong><\/h2>\n\n\n\n<p>Le community manager g\u00e8re la pr\u00e9sence en ligne d&rsquo;une entreprise ou d&rsquo;une marque sur les m\u00e9dias sociaux. Il cr\u00e9e du contenu engageant, interagit avec la communaut\u00e9, r\u00e9pond aux commentaires et aux messages, organise des \u00e9v\u00e9nements en ligne, surveille la r\u00e9putation en ligne et contribue \u00e0 la strat\u00e9gie de communication num\u00e9rique.<\/p>\n\n\n\n<p>Chacun de nos projets commence par une analyse de votre activit\u00e9 et de vos valeurs. Selon vos objectifs, nous vous proposons le meilleur plan d\u2019action pour y parvenir. Nous prenons soin de la production de votre charte graphique en cr\u00e9ant des supports uniques qui vous ressemblent et nous animons vos r\u00e9seaux sociaux \u00e0 votre image!<\/p>\n\n\n\n<div class=\"wp-block-group has-global-padding is-layout-constrained wp-block-group-is-layout-constrained\"><div class=\"aligncenter wp-block-site-logo\"><a href=\"https:\/\/com-azur.fr\/\" class=\"custom-logo-link\" rel=\"home\"><img loading=\"lazy\" decoding=\"async\" width=\"144\" height=\"45\" src=\"https:\/\/com-azur.fr\/wp-content\/uploads\/2024\/03\/cropped-Community-Manager-1-1.png\" class=\"custom-logo\" alt=\"COM&#039;AZUR\" srcset=\"https:\/\/com-azur.fr\/wp-content\/uploads\/2024\/03\/cropped-Community-Manager-1-1.png 2995w, https:\/\/com-azur.fr\/wp-content\/uploads\/2024\/03\/cropped-Community-Manager-1-1-300x94.png 300w, https:\/\/com-azur.fr\/wp-content\/uploads\/2024\/03\/cropped-Community-Manager-1-1-1024x321.png 1024w, https:\/\/com-azur.fr\/wp-content\/uploads\/2024\/03\/cropped-Community-Manager-1-1-768x241.png 768w, https:\/\/com-azur.fr\/wp-content\/uploads\/2024\/03\/cropped-Community-Manager-1-1-1536x482.png 1536w, https:\/\/com-azur.fr\/wp-content\/uploads\/2024\/03\/cropped-Community-Manager-1-1-2048x643.png 2048w, https:\/\/com-azur.fr\/wp-content\/uploads\/2024\/03\/cropped-Community-Manager-1-1-2000x628.png 2000w\" sizes=\"auto, 100vw\" \/><\/a><\/div><\/div>\n\n\n\n<blockquote class=\"wp-block-quote is-style-plain is-layout-flow wp-block-quote-is-layout-flow\">\n<div class=\"wp-block-buttons alignwide is-content-justification-center is-layout-flex wp-container-core-buttons-is-layout-a89b3969 wp-block-buttons-is-layout-flex\">\n<div class=\"wp-block-button\"><a class=\"wp-block-button__link wp-element-button\" href=\"https:\/\/com-azur.fr\/?page_id=40\">CONTACTEZ NOUS<\/a><\/div>\n<\/div>\n<\/blockquote>\n\n\n\n<figure class=\"wp-block-image aligncenter size-large is-resized\"><img loading=\"lazy\" decoding=\"async\" width=\"1024\" height=\"1024\" src=\"http:\/\/com-azur.fr\/wp-content\/uploads\/2024\/03\/9-1-1024x1024.png\" alt=\"Gestion des r\u00e9seaux sociaux Toulon\" class=\"wp-image-282\" style=\"width:571px;height:auto\" srcset=\"https:\/\/com-azur.fr\/wp-content\/uploads\/2024\/03\/9-1-1024x1024.png 1024w, https:\/\/com-azur.fr\/wp-content\/uploads\/2024\/03\/9-1-300x300.png 300w, https:\/\/com-azur.fr\/wp-content\/uploads\/2024\/03\/9-1-150x150.png 150w, https:\/\/com-azur.fr\/wp-content\/uploads\/2024\/03\/9-1-768x768.png 768w, https:\/\/com-azur.fr\/wp-content\/uploads\/2024\/03\/9-1.png 1080w\" sizes=\"auto, (max-width: 1024px) 100vw, 1024px\" \/><figcaption class=\"wp-element-caption\">Cr\u00e9ation de strat\u00e9gie digitale pour entreprise Toulon<\/figcaption><\/figure>\n\n\n\n<p><\/p>\n","protected":false},"excerpt":{"rendered":"<p>Qu&rsquo;est-ce que le Community Management ? Le Community Management d\u00e9signe la gestion et l&rsquo;interaction avec une communaut\u00e9 en ligne, g\u00e9n\u00e9ralement sur les m\u00e9dias sociaux et d&rsquo;autres plateformes num\u00e9riques. Cela implique d&rsquo;engager, de r\u00e9pondre et d&rsquo;interagir avec les membres de la communaut\u00e9, de cr\u00e9er du contenu engageant, de favoriser les discussions, et de maintenir une relation &hellip; <\/p>\n<p class=\"link-more\"><a href=\"https:\/\/com-azur.fr\/?page_id=151\" class=\"more-link\">Lire la suite de<span class=\"screen-reader-text\">\u00ab\u00a0Community manager Toulon\u00a0\u00bb<\/span><\/a><\/p>\n","protected":false},"author":1,"featured_media":0,"parent":0,"menu_order":0,"comment_status":"closed","ping_status":"closed","template":"","meta":{"footnotes":""},"class_list":["post-151","page","type-page","status-publish","hentry"],"yoast_head":"<!-- This site is optimized with the Yoast SEO plugin v24.0 - https:\/\/yoast.com\/wordpress\/plugins\/seo\/ -->\n<title>Community manager Toulon - COM&#039;AZUR<\/title>\n<meta name=\"description\" content=\"Boostez votre visibilit\u00e9 \u00e0 Toulon sur Facebook et Instagram, adapt\u00e9e \u00e0 vos objectifs de croissance et de succ\u00e8s.\" \/>\n<meta name=\"robots\" content=\"index, follow, max-snippet:-1, max-image-preview:large, max-video-preview:-1\" \/>\n<link rel=\"canonical\" href=\"https:\/\/com-azur.fr\/?page_id=151\" \/>\n<meta property=\"og:locale\" content=\"fr_FR\" \/>\n<meta property=\"og:type\" content=\"article\" \/>\n<meta property=\"og:title\" content=\"Community manager Toulon - COM&#039;AZUR\" \/>\n<meta property=\"og:description\" content=\"Boostez votre visibilit\u00e9 \u00e0 Toulon sur Facebook et Instagram, adapt\u00e9e \u00e0 vos objectifs de croissance et de succ\u00e8s.\" \/>\n<meta property=\"og:url\" content=\"https:\/\/com-azur.fr\/?page_id=151\" \/>\n<meta property=\"og:site_name\" content=\"COM&#039;AZUR\" \/>\n<meta property=\"article:modified_time\" content=\"2024-12-15T18:09:51+00:00\" \/>\n<meta property=\"og:image\" content=\"http:\/\/com-azur.fr\/wp-content\/uploads\/2024\/03\/9-1-1024x1024.png\" \/>\n<meta name=\"twitter:card\" content=\"summary_large_image\" \/>\n<meta name=\"twitter:label1\" content=\"Dur\u00e9e de lecture estim\u00e9e\" \/>\n\t<meta name=\"twitter:data1\" content=\"2 minutes\" \/>\n<script type=\"application\/ld+json\" class=\"yoast-schema-graph\">{\"@context\":\"https:\/\/schema.org\",\"@graph\":[{\"@type\":\"WebPage\",\"@id\":\"https:\/\/com-azur.fr\/?page_id=151\",\"url\":\"https:\/\/com-azur.fr\/?page_id=151\",\"name\":\"Community manager Toulon - COM&#039;AZUR\",\"isPartOf\":{\"@id\":\"https:\/\/com-azur.fr\/#website\"},\"primaryImageOfPage\":{\"@id\":\"https:\/\/com-azur.fr\/?page_id=151#primaryimage\"},\"image\":{\"@id\":\"https:\/\/com-azur.fr\/?page_id=151#primaryimage\"},\"thumbnailUrl\":\"http:\/\/com-azur.fr\/wp-content\/uploads\/2024\/03\/9-1-1024x1024.png\",\"datePublished\":\"2024-08-27T14:50:32+00:00\",\"dateModified\":\"2024-12-15T18:09:51+00:00\",\"description\":\"Boostez votre visibilit\u00e9 \u00e0 Toulon sur Facebook et Instagram, adapt\u00e9e \u00e0 vos objectifs de croissance et de succ\u00e8s.\",\"breadcrumb\":{\"@id\":\"https:\/\/com-azur.fr\/?page_id=151#breadcrumb\"},\"inLanguage\":\"fr-FR\",\"potentialAction\":[{\"@type\":\"ReadAction\",\"target\":[\"https:\/\/com-azur.fr\/?page_id=151\"]}]},{\"@type\":\"ImageObject\",\"inLanguage\":\"fr-FR\",\"@id\":\"https:\/\/com-azur.fr\/?page_id=151#primaryimage\",\"url\":\"https:\/\/com-azur.fr\/wp-content\/uploads\/2024\/03\/9-1.png\",\"contentUrl\":\"https:\/\/com-azur.fr\/wp-content\/uploads\/2024\/03\/9-1.png\",\"width\":1080,\"height\":1080,\"caption\":\"Cr\u00e9ation de strat\u00e9gie digitale pour entreprise Toulon\"},{\"@type\":\"BreadcrumbList\",\"@id\":\"https:\/\/com-azur.fr\/?page_id=151#breadcrumb\",\"itemListElement\":[{\"@type\":\"ListItem\",\"position\":1,\"name\":\"Accueil\",\"item\":\"https:\/\/com-azur.fr\/\"},{\"@type\":\"ListItem\",\"position\":2,\"name\":\"Community manager Toulon\"}]},{\"@type\":\"WebSite\",\"@id\":\"https:\/\/com-azur.fr\/#website\",\"url\":\"https:\/\/com-azur.fr\/\",\"name\":\"COM&#039;AZUR\",\"description\":\"Studio de Communication\",\"publisher\":{\"@id\":\"https:\/\/com-azur.fr\/#organization\"},\"potentialAction\":[{\"@type\":\"SearchAction\",\"target\":{\"@type\":\"EntryPoint\",\"urlTemplate\":\"https:\/\/com-azur.fr\/?s={search_term_string}\"},\"query-input\":{\"@type\":\"PropertyValueSpecification\",\"valueRequired\":true,\"valueName\":\"search_term_string\"}}],\"inLanguage\":\"fr-FR\"},{\"@type\":\"Organization\",\"@id\":\"https:\/\/com-azur.fr\/#organization\",\"name\":\"COM&#039;AZUR\",\"url\":\"https:\/\/com-azur.fr\/\",\"logo\":{\"@type\":\"ImageObject\",\"inLanguage\":\"fr-FR\",\"@id\":\"https:\/\/com-azur.fr\/#\/schema\/logo\/image\/\",\"url\":\"https:\/\/com-azur.fr\/wp-content\/uploads\/2024\/03\/cropped-Community-Manager-1-1.png\",\"contentUrl\":\"https:\/\/com-azur.fr\/wp-content\/uploads\/2024\/03\/cropped-Community-Manager-1-1.png\",\"width\":2995,\"height\":940,\"caption\":\"COM&#039;AZUR\"},\"image\":{\"@id\":\"https:\/\/com-azur.fr\/#\/schema\/logo\/image\/\"}}]}<\/script>\n<!-- \/ Yoast SEO plugin. -->","yoast_head_json":{"title":"Community manager Toulon - COM&#039;AZUR","description":"Boostez votre visibilit\u00e9 \u00e0 Toulon sur Facebook et Instagram, adapt\u00e9e \u00e0 vos objectifs de croissance et de succ\u00e8s.","robots":{"index":"index","follow":"follow","max-snippet":"max-snippet:-1","max-image-preview":"max-image-preview:large","max-video-preview":"max-video-preview:-1"},"canonical":"https:\/\/com-azur.fr\/?page_id=151","og_locale":"fr_FR","og_type":"article","og_title":"Community manager Toulon - COM&#039;AZUR","og_description":"Boostez votre visibilit\u00e9 \u00e0 Toulon sur Facebook et Instagram, adapt\u00e9e \u00e0 vos objectifs de croissance et de succ\u00e8s.","og_url":"https:\/\/com-azur.fr\/?page_id=151","og_site_name":"COM&#039;AZUR","article_modified_time":"2024-12-15T18:09:51+00:00","og_image":[{"url":"http:\/\/com-azur.fr\/wp-content\/uploads\/2024\/03\/9-1-1024x1024.png","type":"","width":"","height":""}],"twitter_card":"summary_large_image","twitter_misc":{"Dur\u00e9e de lecture estim\u00e9e":"2 minutes"},"schema":{"@context":"https:\/\/schema.org","@graph":[{"@type":"WebPage","@id":"https:\/\/com-azur.fr\/?page_id=151","url":"https:\/\/com-azur.fr\/?page_id=151","name":"Community manager Toulon - COM&#039;AZUR","isPartOf":{"@id":"https:\/\/com-azur.fr\/#website"},"primaryImageOfPage":{"@id":"https:\/\/com-azur.fr\/?page_id=151#primaryimage"},"image":{"@id":"https:\/\/com-azur.fr\/?page_id=151#primaryimage"},"thumbnailUrl":"http:\/\/com-azur.fr\/wp-content\/uploads\/2024\/03\/9-1-1024x1024.png","datePublished":"2024-08-27T14:50:32+00:00","dateModified":"2024-12-15T18:09:51+00:00","description":"Boostez votre visibilit\u00e9 \u00e0 Toulon sur Facebook et Instagram, adapt\u00e9e \u00e0 vos objectifs de croissance et de succ\u00e8s.","breadcrumb":{"@id":"https:\/\/com-azur.fr\/?page_id=151#breadcrumb"},"inLanguage":"fr-FR","potentialAction":[{"@type":"ReadAction","target":["https:\/\/com-azur.fr\/?page_id=151"]}]},{"@type":"ImageObject","inLanguage":"fr-FR","@id":"https:\/\/com-azur.fr\/?page_id=151#primaryimage","url":"https:\/\/com-azur.fr\/wp-content\/uploads\/2024\/03\/9-1.png","contentUrl":"https:\/\/com-azur.fr\/wp-content\/uploads\/2024\/03\/9-1.png","width":1080,"height":1080,"caption":"Cr\u00e9ation de strat\u00e9gie digitale pour entreprise Toulon"},{"@type":"BreadcrumbList","@id":"https:\/\/com-azur.fr\/?page_id=151#breadcrumb","itemListElement":[{"@type":"ListItem","position":1,"name":"Accueil","item":"https:\/\/com-azur.fr\/"},{"@type":"ListItem","position":2,"name":"Community manager Toulon"}]},{"@type":"WebSite","@id":"https:\/\/com-azur.fr\/#website","url":"https:\/\/com-azur.fr\/","name":"COM&#039;AZUR","description":"Studio de Communication","publisher":{"@id":"https:\/\/com-azur.fr\/#organization"},"potentialAction":[{"@type":"SearchAction","target":{"@type":"EntryPoint","urlTemplate":"https:\/\/com-azur.fr\/?s={search_term_string}"},"query-input":{"@type":"PropertyValueSpecification","valueRequired":true,"valueName":"search_term_string"}}],"inLanguage":"fr-FR"},{"@type":"Organization","@id":"https:\/\/com-azur.fr\/#organization","name":"COM&#039;AZUR","url":"https:\/\/com-azur.fr\/","logo":{"@type":"ImageObject","inLanguage":"fr-FR","@id":"https:\/\/com-azur.fr\/#\/schema\/logo\/image\/","url":"https:\/\/com-azur.fr\/wp-content\/uploads\/2024\/03\/cropped-Community-Manager-1-1.png","contentUrl":"https:\/\/com-azur.fr\/wp-content\/uploads\/2024\/03\/cropped-Community-Manager-1-1.png","width":2995,"height":940,"caption":"COM&#039;AZUR"},"image":{"@id":"https:\/\/com-azur.fr\/#\/schema\/logo\/image\/"}}]}},"_links":{"self":[{"href":"https:\/\/com-azur.fr\/index.php?rest_route=\/wp\/v2\/pages\/151","targetHints":{"allow":["GET"]}}],"collection":[{"href":"https:\/\/com-azur.fr\/index.php?rest_route=\/wp\/v2\/pages"}],"about":[{"href":"https:\/\/com-azur.fr\/index.php?rest_route=\/wp\/v2\/types\/page"}],"author":[{"embeddable":true,"href":"https:\/\/com-azur.fr\/index.php?rest_route=\/wp\/v2\/users\/1"}],"replies":[{"embeddable":true,"href":"https:\/\/com-azur.fr\/index.php?rest_route=%2Fwp%2Fv2%2Fcomments&post=151"}],"version-history":[{"count":20,"href":"https:\/\/com-azur.fr\/index.php?rest_route=\/wp\/v2\/pages\/151\/revisions"}],"predecessor-version":[{"id":381,"href":"https:\/\/com-azur.fr\/index.php?rest_route=\/wp\/v2\/pages\/151\/revisions\/381"}],"wp:attachment":[{"href":"https:\/\/com-azur.fr\/index.php?rest_route=%2Fwp%2Fv2%2Fmedia&parent=151"}],"curies":[{"name":"wp","href":"https:\/\/api.w.org\/{rel}","templated":true}]}}